{"id":4018,"date":"2025-01-10T00:57:59","date_gmt":"2025-01-09T23:57:59","guid":{"rendered":"http:\/\/www.mafdad.org\/?page_id=4018"},"modified":"2025-01-10T01:01:10","modified_gmt":"2025-01-10T00:01:10","slug":"strafanzeige-3","status":"publish","type":"page","link":"http:\/\/www.mafdad.org\/?page_id=4018","title":{"rendered":"Strafanzeige"},"content":{"rendered":"\n<p>Gemeinsam mit dem Verein KURD-AKAD e.V. haben wir Strafanzeige gegen den t\u00fcrkischen Staatspr\u00e4sidenten Erdo\u011fan u.a. wegen Verbrechen gegen die Menschlichkeit &amp; Kriegsverbrechen in Nordsyrien mit Fokus auf zerst\u00f6rte Gesundheitseinrichtungen erstattet.<\/p>\n\n\n\n<figure class=\"wp-block-image size-full is-resized\"><a href=\"http:\/\/www.mafdad.org\/wp-content\/uploads\/2025\/01\/Strafanzeige-17-12-2024.pdf\" target=\"_blank\" rel=\" noreferrer noopener\"><img fetchpriority=\"high\" decoding=\"async\" width=\"722\" height=\"1024\" src=\"http:\/\/www.mafdad.org\/wp-content\/uploads\/2025\/01\/strafanzeigecoverkl-722x1024-1.jpg\" alt=\"\" class=\"wp-image-4014\" style=\"width:462px;height:auto\" srcset=\"http:\/\/www.mafdad.org\/wp-content\/uploads\/2025\/01\/strafanzeigecoverkl-722x1024-1.jpg 722w, http:\/\/www.mafdad.org\/wp-content\/uploads\/2025\/01\/strafanzeigecoverkl-722x1024-1-212x300.jpg 212w\" sizes=\"(max-width: 722px) 100vw, 722px\" \/><\/a><\/figure>\n","protected":false},"excerpt":{"rendered":"<p>Gemeinsam mit dem Verein KURD-AKAD e.V. haben wir Strafanzeige gegen den t\u00fcrkischen Staatspr\u00e4sidenten Erdo\u011fan u.a. wegen Verbrechen gegen die Menschlichkeit &amp; Kriegsverbrechen in Nordsyrien mit Fokus auf zerst\u00f6rte Gesundheitseinrichtungen erstattet.<\/p>\n","protected":false},"author":1,"featured_media":0,"parent":0,"menu_order":0,"comment_status":"closed","ping_status":"closed","template":"","meta":{"footnotes":""},"class_list":{"1":"page","2":"type-page","3":"status-publish","4":"hentry"},"_links":{"self":[{"href":"http:\/\/www.mafdad.org\/index.php?rest_route=\/wp\/v2\/pages\/4018","targetHints":{"allow":["GET"]}}],"collection":[{"href":"http:\/\/www.mafdad.org\/index.php?rest_route=\/wp\/v2\/pages"}],"about":[{"href":"http:\/\/www.mafdad.org\/index.php?rest_route=\/wp\/v2\/types\/page"}],"author":[{"embeddable":true,"href":"http:\/\/www.mafdad.org\/index.php?rest_route=\/wp\/v2\/users\/1"}],"replies":[{"embeddable":true,"href":"http:\/\/www.mafdad.org\/index.php?rest_route=%2Fwp%2Fv2%2Fcomments&post=4018"}],"version-history":[{"count":2,"href":"http:\/\/www.mafdad.org\/index.php?rest_route=\/wp\/v2\/pages\/4018\/revisions"}],"predecessor-version":[{"id":4022,"href":"http:\/\/www.mafdad.org\/index.php?rest_route=\/wp\/v2\/pages\/4018\/revisions\/4022"}],"wp:attachment":[{"href":"http:\/\/www.mafdad.org\/index.php?rest_route=%2Fwp%2Fv2%2Fmedia&parent=4018"}],"curies":[{"name":"wp","href":"https:\/\/api.w.org\/{rel}","templated":true}]}}