{"id":2274,"date":"2012-03-13T19:01:24","date_gmt":"2012-03-13T19:01:24","guid":{"rendered":"http:http:www.mafdad.org\/\/personnel-3\/"},"modified":"2024-12-26T10:38:12","modified_gmt":"2024-12-26T09:38:12","slug":"personnel","status":"publish","type":"page","link":"http:\/\/www.mafdad.org\/?page_id=2274","title":{"rendered":"Vorstand"},"content":{"rendered":"\n<figure class=\"wp-block-table wp-list-table widefat fixed striped posts\"><table class=\"has-fixed-layout\"><tbody><tr><td><strong>Vorstand<\/strong><br><br>Heike Geisweid<br>Rechtsanw\u00e4ltin\/1. Vorsitzende<br><br>Heike Geisweid, seit 1996 Rechtsanw\u00e4ltin in Bochum, T\u00e4tigkeitsschwerpunkte: Asylrecht (T\u00fcrkei\/Kurdistan), Ausl\u00e4nderInnenrecht und Frauen und Arbeitsrecht. Neben feministischem Engagement in der Autonomen FrauenLesbenbewegung, Mitarbeit in der Kurdistan-Soli-Arbeit und bei Azad\u00ee. Ver\u00f6ffentlichungen: \u201eRechtsratgeber Frauen im Beruf\u201c und Mitautorin in \u201eSexualisierte Kriegsgewalt und ihre Folgen, Handbuch zur Unterst\u00fctzung traumatisierter Frauen in verschiedenen Arbeitsfeldern\u201c.<br><strong><br>Mahmut \u015eakar<\/strong><br>Rechtsanwalt \/2. Vorsitzender<br><br>Mahmut \u015eakar geboren 1966 in Diyarbakir. Nach dem Studium f\u00fcr das Lehramt, war er 5 Jahre als Grundschullehrer t\u00e4tig. W\u00e4hrend dieser Zeit absolvierte er parallel ein Jurastudium und ist seit 1992 Rechtsanwalt in der T\u00fcrkei. Von 1993-1997 war Mahmut \u015eakar Vorsitzende der IHD Zweigstelle in Diyarbakir sowie stellvertretender Vorsitzender der IHD (Menschenrechtsverein). Von 1997-1998 Vorsitzender der HADEP Istanbul und von 1999-2002 General Sekret\u00e4r der HADEP (Demokratische Volkspartei). Seit einer geraumen Zeit lebt er in Deutschland.<\/td><\/tr><\/tbody><\/table><\/figure>\n","protected":false},"excerpt":{"rendered":"<p>Vorstand Heike GeisweidRechtsanw\u00e4ltin\/1. Vorsitzende Heike Geisweid, seit 1996 Rechtsanw\u00e4ltin in Bochum, T\u00e4tigkeitsschwerpunkte: Asylrecht (T\u00fcrkei\/Kurdistan), Ausl\u00e4nderInnenrecht und Frauen und Arbeitsrecht. Neben feministischem Engagement in der Autonomen FrauenLesbenbewegung, Mitarbeit in der Kurdistan-Soli-Arbeit<\/p>\n","protected":false},"author":2,"featured_media":0,"parent":0,"menu_order":0,"comment_status":"closed","ping_status":"closed","template":"","meta":{"footnotes":""},"class_list":{"1":"page","2":"type-page","3":"status-publish","4":"hentry"},"_links":{"self":[{"href":"http:\/\/www.mafdad.org\/index.php?rest_route=\/wp\/v2\/pages\/2274","targetHints":{"allow":["GET"]}}],"collection":[{"href":"http:\/\/www.mafdad.org\/index.php?rest_route=\/wp\/v2\/pages"}],"about":[{"href":"http:\/\/www.mafdad.org\/index.php?rest_route=\/wp\/v2\/types\/page"}],"author":[{"embeddable":true,"href":"http:\/\/www.mafdad.org\/index.php?rest_route=\/wp\/v2\/users\/2"}],"replies":[{"embeddable":true,"href":"http:\/\/www.mafdad.org\/index.php?rest_route=%2Fwp%2Fv2%2Fcomments&post=2274"}],"version-history":[{"count":2,"href":"http:\/\/www.mafdad.org\/index.php?rest_route=\/wp\/v2\/pages\/2274\/revisions"}],"predecessor-version":[{"id":3871,"href":"http:\/\/www.mafdad.org\/index.php?rest_route=\/wp\/v2\/pages\/2274\/revisions\/3871"}],"wp:attachment":[{"href":"http:\/\/www.mafdad.org\/index.php?rest_route=%2Fwp%2Fv2%2Fmedia&parent=2274"}],"curies":[{"name":"wp","href":"https:\/\/api.w.org\/{rel}","templated":true}]}}